{"id":23,"date":"2016-02-12T08:12:49","date_gmt":"2016-02-12T08:12:49","guid":{"rendered":"http:\/\/demos.famethemes.com\/onepress\/?page_id=23"},"modified":"2022-03-17T20:19:10","modified_gmt":"2022-03-17T19:19:10","slug":"service-title-1","status":"publish","type":"page","link":"https:\/\/bramy-poznan.pl\/index.php\/service-title-1\/","title":{"rendered":"Naprawy bram"},"content":{"rendered":"<p>Jeste\u015bmy w stanie usun\u0105\u0107 ka\u017cd\u0105 usterk\u0119 dotycz\u0105cych Pa\u0144stwa bramy! Zanim przyst\u0105pimy do pracy wykonamy ogl\u0119dziny i wycen\u0119 naprawy. Dopiero po akceptacji, zabieramy si\u0119 do pracy.<br \/>\nSerwisujemy bramy gara\u017cowe i wjazdowe w domach prywatnych, jak r\u00f3wnie\u017c przemys\u0142owe, w firmach, wsp\u00f3lnotach mieszkaniowych i instytucjach. W zale\u017cno\u015bci od oczekiwa\u0144 klienta mo\u017cemy wymienia\u0107 cz\u0119\u015bci na nowe lub pr\u00f3bowa\u0107 samodzielnie naprawi\u0107 aby obni\u017cy\u0107 koszty.<br \/>\nNaprawiamy bramy segmentowe, rolowane, szybkobie\u017cne, uchylne, przesuwne, dwuskrzyd\u0142owe&#8230; jednym s\u0142owem, wszystkie.<\/p>\n<p>Zajmujemy si\u0119 r\u00f3wnie\u017c serwisami ramp prze\u0142adunkowych, szlaban\u00f3w,<\/p>\n<p>Serwisujemy automatyk\u0119 wszystkich marek a w szczeg\u00f3lno\u015bci Marantec, Wisniowski, Normstahl, Hormann, GFA, Somfy, Nice, BFT, Came, Faac, Torsystem, Siebau, Novoferm<\/p>\n<p>\u201eOd r\u0119ki\u201d naprawiamy:<\/p>\n<ul>\n<li>popl\u0105tane lub zerwane linki<\/li>\n<li>awarie zwi\u0105zane z regulacj\u0105 (nieszczelno\u015bci, przycinanie bramy)<\/li>\n<li>b\u0142\u0119dy nap\u0119d\u00f3w (je\u015bli nie wymagaj\u0105 wymiany centrali steruj\u0105cej lub samego nap\u0119du)<\/li>\n<li>naci\u0105g spr\u0119\u017cyn (brama ci\u0119\u017cko si\u0119 podnosi lub opuszcza)<\/li>\n<li>wzmocnienie\/usztywnienie konstrukcji podtrzymuj\u0105cej bram\u0119<\/li>\n<li>Wywa\u017canie bramy<\/li>\n<li>Regulacja kra\u0144c\u00f3wek<\/li>\n<li>Programowanie<\/li>\n<li>Dodanie pilot\u00f3w<\/li>\n<\/ul>\n<p>W kr\u00f3tkim terminie zrealizujemy pozosta\u0142e cz\u0119ste usterki:<\/p>\n<ul>\n<li>zerwane spr\u0119\u017cyny<\/li>\n<li>uszkodzony nap\u0119d<\/li>\n<li>uszkodzony panel<\/li>\n<li>wymiana cz\u0119\u015bci mechanicznych bramy jak rolki, hamulce bezpiecze\u0144stwa itp.<\/li>\n<li>wymiana zabezpiecze\u0144 typu fotokom\u00f3rki czy listwa kraw\u0119dziowa<\/li>\n<li>wymiana nap\u0119du<\/li>\n<li>Wymiana w\u00f3zk\u00f3w<\/li>\n<\/ul>\n<p>Wymiana listwy z\u0119batej<\/p>\n","protected":false},"excerpt":{"rendered":"<p>Jeste\u015bmy w stanie usun\u0105\u0107 ka\u017cd\u0105 usterk\u0119 dotycz\u0105cych Pa\u0144stwa bramy! Zanim przyst\u0105pimy do pracy wykonamy ogl\u0119dziny i wycen\u0119 naprawy. Dopiero po akceptacji, zabieramy si\u0119 do pracy. <\/p>\n","protected":false},"author":3,"featured_media":1483,"parent":0,"menu_order":0,"comment_status":"closed","ping_status":"closed","template":"","meta":{"footnotes":""},"class_list":["post-23","page","type-page","status-publish","has-post-thumbnail","hentry"],"_links":{"self":[{"href":"https:\/\/bramy-poznan.pl\/index.php\/wp-json\/wp\/v2\/pages\/23","targetHints":{"allow":["GET"]}}],"collection":[{"href":"https:\/\/bramy-poznan.pl\/index.php\/wp-json\/wp\/v2\/pages"}],"about":[{"href":"https:\/\/bramy-poznan.pl\/index.php\/wp-json\/wp\/v2\/types\/page"}],"author":[{"embeddable":true,"href":"https:\/\/bramy-poznan.pl\/index.php\/wp-json\/wp\/v2\/users\/3"}],"replies":[{"embeddable":true,"href":"https:\/\/bramy-poznan.pl\/index.php\/wp-json\/wp\/v2\/comments?post=23"}],"version-history":[{"count":3,"href":"https:\/\/bramy-poznan.pl\/index.php\/wp-json\/wp\/v2\/pages\/23\/revisions"}],"predecessor-version":[{"id":1503,"href":"https:\/\/bramy-poznan.pl\/index.php\/wp-json\/wp\/v2\/pages\/23\/revisions\/1503"}],"wp:featuredmedia":[{"embeddable":true,"href":"https:\/\/bramy-poznan.pl\/index.php\/wp-json\/wp\/v2\/media\/1483"}],"wp:attachment":[{"href":"https:\/\/bramy-poznan.pl\/index.php\/wp-json\/wp\/v2\/media?parent=23"}],"curies":[{"name":"wp","href":"https:\/\/api.w.org\/{rel}","templated":true}]}}