{"id":24,"date":"2016-02-12T08:13:06","date_gmt":"2016-02-12T08:13:06","guid":{"rendered":"http:\/\/demos.famethemes.com\/onepress\/?page_id=24"},"modified":"2022-03-17T20:17:34","modified_gmt":"2022-03-17T19:17:34","slug":"service-title-2","status":"publish","type":"page","link":"https:\/\/bramy-poznan.pl\/index.php\/service-title-2\/","title":{"rendered":"Monta\u017c bram"},"content":{"rendered":"<p>Montujemy na zlecenie nowe bramy wjazdowe, gara\u017cowe i przemys\u0142owe. Montujemy zar\u00f3wno dla klient\u00f3w indywidualnych jak i firm. Oferujemy monta\u017c w pe\u0142ni zgodny z zaleceniami producenta bramy, a wi\u0119c taki, kt\u00f3ry pozwoli w razie awarii, usun\u0105\u0107 j\u0105 w ramach gwarancji. Stale wsp\u00f3\u0142pracujemy z firm\u0105 Wi\u015bniowski w zakresie dostaw bram jednak cz\u0119sto montujemy r\u00f3wnie\u017c bramy marki Hormann.<\/p>\n<p>W przypadku wymiany bramy na now\u0105, oferujemy r\u00f3wnie\u017c demonta\u017c starej bramy wraz z jej utylizacj\u0105.<\/p>\n<p>W zale\u017cno\u015bci od oczekiwa\u0144, montujemy wszelkie akcesoria i zabezpieczenia, w razie potrzeby k\u0142adziemy r\u00f3wnie\u017c instalacj\u0119 (fotokom\u00f3rki, zasilanie, dodatkowy w\u0142\u0105cznik i inne).<\/p>\n","protected":false},"excerpt":{"rendered":"<p>Montujemy na zlecenie nowe bramy wjazdowe, gara\u017cowe i przemys\u0142owe. Montujemy zar\u00f3wno dla klient\u00f3w indywidualnych jak i firm. Oferujemy monta\u017c w pe\u0142ni zgodny z zaleceniami producenta bramy, a wi\u0119c taki, kt\u00f3ry pozwoli w razie awarii, usun\u0105\u0107 j\u0105 w ramach gwarancji.<\/p>\n","protected":false},"author":3,"featured_media":1484,"parent":0,"menu_order":0,"comment_status":"closed","ping_status":"closed","template":"","meta":{"footnotes":""},"class_list":["post-24","page","type-page","status-publish","has-post-thumbnail","hentry"],"_links":{"self":[{"href":"https:\/\/bramy-poznan.pl\/index.php\/wp-json\/wp\/v2\/pages\/24","targetHints":{"allow":["GET"]}}],"collection":[{"href":"https:\/\/bramy-poznan.pl\/index.php\/wp-json\/wp\/v2\/pages"}],"about":[{"href":"https:\/\/bramy-poznan.pl\/index.php\/wp-json\/wp\/v2\/types\/page"}],"author":[{"embeddable":true,"href":"https:\/\/bramy-poznan.pl\/index.php\/wp-json\/wp\/v2\/users\/3"}],"replies":[{"embeddable":true,"href":"https:\/\/bramy-poznan.pl\/index.php\/wp-json\/wp\/v2\/comments?post=24"}],"version-history":[{"count":3,"href":"https:\/\/bramy-poznan.pl\/index.php\/wp-json\/wp\/v2\/pages\/24\/revisions"}],"predecessor-version":[{"id":1502,"href":"https:\/\/bramy-poznan.pl\/index.php\/wp-json\/wp\/v2\/pages\/24\/revisions\/1502"}],"wp:featuredmedia":[{"embeddable":true,"href":"https:\/\/bramy-poznan.pl\/index.php\/wp-json\/wp\/v2\/media\/1484"}],"wp:attachment":[{"href":"https:\/\/bramy-poznan.pl\/index.php\/wp-json\/wp\/v2\/media?parent=24"}],"curies":[{"name":"wp","href":"https:\/\/api.w.org\/{rel}","templated":true}]}}