{"id":25,"date":"2016-02-12T08:13:22","date_gmt":"2016-02-12T08:13:22","guid":{"rendered":"http:\/\/demos.famethemes.com\/onepress\/?page_id=25"},"modified":"2021-03-03T12:15:00","modified_gmt":"2021-03-03T11:15:00","slug":"service-title-3","status":"publish","type":"page","link":"https:\/\/bramy-poznan.pl\/index.php\/service-title-3\/","title":{"rendered":"Obs\u0142uga serwisowa"},"content":{"rendered":"<p>Nasz\u0105 specjalno\u015bci\u0105 jest obs\u0142uga firm, wsp\u00f3lnot mieszkaniowych i instytucji, w kt\u00f3rych wa\u017cne jest aby wszystkie u\u017cywane bramy, by\u0142y bez przerwy sprawne.<\/p>\n<p>W takich wymagaj\u0105cych sytuacjach jeste\u015bmy gotowi podpisa\u0107 umow\u0119 serwisow\u0105, w kt\u00f3rej zagwarantujemy nie tylko bie\u017c\u0105c\u0105 opiek\u0119 nad bram\u0105, zmniejszaj\u0105c\u0105 prawdopodobie\u0144stwo awarii ale gdy usterka ju\u017c wyst\u0105pi, do usuni\u0119cia jej w ci\u0105gu okre\u015blonego czasu.<\/p>\n<p>W ekstremalnych sytuacjach jeste\u015bmy w stanie przygotowa\u0107 wcze\u015bniej komplet cz\u0119\u015bci zamiennych, dedykowanych danemu klientowi i konkretnej bramie, aby m\u00f3c doprowadzi\u0107 j\u0105 do pe\u0142nej sprawno\u015bci w minimalnym czasie.<\/p>\n<p>Mo\u017cemy te\u017c przygotowa\u0107 plan ulepszenia bramy je\u015bli obecna nie spe\u0142nia oczekiwa\u0144. Cz\u0119sto mocno obci\u0105\u017cone bramy sprawiaj\u0105 k\u0142opoty ale niewielkim nak\u0142adem mo\u017cna ograniczy\u0107 ilo\u015b\u0107 awarii. W takim przypadku wykonamy diagnoz\u0119 wyst\u0119puj\u0105cych problem\u00f3w oraz wycen\u0119 adekwatnych usprawnie\u0144 (mocniejsze linki, mocniejszy nap\u0119d, wymiana niekt\u00f3rych cz\u0119\u015bci mechanicznych czy do\u0142o\u017cenie zabezpieczenia).<\/p>\n<p>Po podpisaniu umowy serwisowej, mo\u017cecie Pa\u0144stwo oczekiwa\u0107 naszej reakcji r\u00f3wnie\u017c w soboty, niedziele i \u015bwi\u0119ta.<\/p>\n","protected":false},"excerpt":{"rendered":"<p>Nasz\u0105 specjalno\u015bci\u0105 jest obs\u0142uga firm, wsp\u00f3lnot mieszkaniowych i instytucji, w kt\u00f3rych wa\u017cne jest aby wszystkie u\u017cywane bramy, by\u0142y bez przerwy sprawne.<br \/>\nPo podpisaniu umowy serwisowej, mo\u017cecie Pa\u0144stwo oczekiwa\u0107 naszej reakcji r\u00f3wnie\u017c w soboty, niedziele i \u015bwi\u0119ta.<\/p>\n","protected":false},"author":3,"featured_media":1485,"parent":0,"menu_order":0,"comment_status":"closed","ping_status":"closed","template":"","meta":{"footnotes":""},"class_list":["post-25","page","type-page","status-publish","has-post-thumbnail","hentry"],"_links":{"self":[{"href":"https:\/\/bramy-poznan.pl\/index.php\/wp-json\/wp\/v2\/pages\/25","targetHints":{"allow":["GET"]}}],"collection":[{"href":"https:\/\/bramy-poznan.pl\/index.php\/wp-json\/wp\/v2\/pages"}],"about":[{"href":"https:\/\/bramy-poznan.pl\/index.php\/wp-json\/wp\/v2\/types\/page"}],"author":[{"embeddable":true,"href":"https:\/\/bramy-poznan.pl\/index.php\/wp-json\/wp\/v2\/users\/3"}],"replies":[{"embeddable":true,"href":"https:\/\/bramy-poznan.pl\/index.php\/wp-json\/wp\/v2\/comments?post=25"}],"version-history":[{"count":1,"href":"https:\/\/bramy-poznan.pl\/index.php\/wp-json\/wp\/v2\/pages\/25\/revisions"}],"predecessor-version":[{"id":1496,"href":"https:\/\/bramy-poznan.pl\/index.php\/wp-json\/wp\/v2\/pages\/25\/revisions\/1496"}],"wp:featuredmedia":[{"embeddable":true,"href":"https:\/\/bramy-poznan.pl\/index.php\/wp-json\/wp\/v2\/media\/1485"}],"wp:attachment":[{"href":"https:\/\/bramy-poznan.pl\/index.php\/wp-json\/wp\/v2\/media?parent=25"}],"curies":[{"name":"wp","href":"https:\/\/api.w.org\/{rel}","templated":true}]}}